{"id":3885,"date":"2025-03-15T21:41:57","date_gmt":"2025-03-15T20:41:57","guid":{"rendered":"https:\/\/unpoidsenmoins.com\/?page_id=3885"},"modified":"2025-06-05T12:48:02","modified_gmt":"2025-06-05T10:48:02","slug":"plan-site","status":"publish","type":"page","link":"https:\/\/ns-osteo.fr\/blog\/plan-site\/","title":{"rendered":"Plan du site"},"content":{"rendered":"\n<div class=\"wsp-container\"><h2 class=\"wsp-pages-title\">Pages<\/h2>\n<ul class=\"wsp-pages-list\">\n<li class=\"page_item page-item-4199 current_page_parent\"><a href=\"https:\/\/ns-osteo.fr\/blog\/actus\/\">Actus<\/a><\/li>\n<li class=\"page_item page-item-1455\"><a href=\"https:\/\/ns-osteo.fr\/blog\/contact-us\/\">Contact<\/a><\/li>\n<li class=\"page_item page-item-4261\"><a href=\"https:\/\/ns-osteo.fr\/blog\/mentions-legales\/\">Mentions l\u00e9gales<\/a><\/li>\n<li class=\"page_item page-item-6\"><a href=\"https:\/\/ns-osteo.fr\/blog\/\">Ns-Osteo.fr<\/a><\/li>\n<li class=\"page_item page-item-3885\"><a href=\"https:\/\/ns-osteo.fr\/blog\/plan-site\/\">Plan du site<\/a><\/li>\n<li class=\"page_item page-item-4248\"><a href=\"https:\/\/ns-osteo.fr\/blog\/privacy-policy\/\">Politique de confidentialit\u00e9 (Privacy Policy)<\/a><\/li>\n<\/ul>\n<h2 class=\"wsp-posts-title\">Articles par cat\u00e9gorie<\/h2>\n<ul class=\"wsp-posts-list\">\n\t<li><strong class=\"wsp-category-title\">Cat\u00e9gorie\u00a0: <a href=\"https:\/\/ns-osteo.fr\/blog\/alsace\/\">Alsace<\/a><\/strong>\n<ul class=\"wsp-posts-list\">\t\t<li class=\"wsp-post\"><a href=\"https:\/\/ns-osteo.fr\/blog\/ou-se-trouve-kaysersberg-alsace-sur-la-carte-de-france\/\">O\u00f9 se trouve Kaysersberg (Alsace) sur la carte de France ?<\/a><\/li>\n<\/ul><\/li>\n\t<li><strong class=\"wsp-category-title\">Cat\u00e9gorie\u00a0: <a href=\"https:\/\/ns-osteo.fr\/blog\/colmar\/\">Colmar<\/a><\/strong>\n<ul class=\"wsp-posts-list\">\t\t<li class=\"wsp-post\"><a href=\"https:\/\/ns-osteo.fr\/blog\/ou-se-trouve-colmar-68066-sur-la-carte-de-france\/\">O\u00f9 se trouve Colmar (68066) sur la carte de France ?<\/a><\/li>\n<\/ul><\/li>\n\t<li><strong class=\"wsp-category-title\">Cat\u00e9gorie\u00a0: <a href=\"https:\/\/ns-osteo.fr\/blog\/non-classe\/\">Non class\u00e9<\/a><\/strong>\n<ul class=\"wsp-posts-list\">\t\t<li class=\"wsp-post\"><a href=\"https:\/\/ns-osteo.fr\/blog\/decouvrez-le-grimoire-ultime-des-noms-fantasy\/\">D\u00e9couvrez le grimoire ultime des noms Fantasy<\/a><\/li>\n\t\t<li class=\"wsp-post\"><a href=\"https:\/\/ns-osteo.fr\/blog\/le-guide-complet-pour-selectionner-le-bon-statut-juridique-dentreprise-en-2026\/\">Le Guide Complet pour S\u00e9lectionner le Bon Statut Juridique d&rsquo;Entreprise en 2026<\/a><\/li>\n\t\t<li class=\"wsp-post\"><a href=\"https:\/\/ns-osteo.fr\/blog\/decouvrez-les-meilleurs-installateurs-partout-en-france\/\">D\u00e9couvrez les Meilleurs Installateurs Partout en France<\/a><\/li>\n<\/ul><\/li>\n\t<li><strong class=\"wsp-category-title\">Cat\u00e9gorie\u00a0: <a href=\"https:\/\/ns-osteo.fr\/blog\/osteopathe\/\">Ost\u00e9opathe<\/a><\/strong>\n<ul class=\"wsp-posts-list\">\t\t<li class=\"wsp-post\"><a href=\"https:\/\/ns-osteo.fr\/blog\/trouver-un-osteopathe-a-colmar-services-avantages-et-conseils-pratiques\/\">Trouver un ost\u00e9opathe \u00e0 Colmar : services, avantages et conseils pratiques<\/a><\/li>\n\t\t<li class=\"wsp-post\"><a href=\"https:\/\/ns-osteo.fr\/blog\/tout-savoir-sur-ns-osteo-fr-votre-osteopathe-a-kaysersberg\/\">Tout savoir sur ns-osteo.fr : votre ost\u00e9opathe \u00e0 Kaysersberg<\/a><\/li>\n<\/ul><\/li>\n\t<li><strong class=\"wsp-category-title\">Cat\u00e9gorie\u00a0: <a href=\"https:\/\/ns-osteo.fr\/blog\/osteopathie\/\">Ost\u00e9opathie<\/a><\/strong>\n<ul class=\"wsp-posts-list\">\t\t<li class=\"wsp-post\"><a href=\"https:\/\/ns-osteo.fr\/blog\/comment-contacter-le-service-client-doctolib-en-cas-de-probleme\/\">Comment contacter le service client Doctolib en cas de probl\u00e8me ?<\/a><\/li>\n\t\t<li class=\"wsp-post\"><a href=\"https:\/\/ns-osteo.fr\/blog\/comment-annuler-ou-modifier-un-rendez-vous-sur-doctolib-facilement\/\">Comment annuler ou modifier un rendez-vous sur Doctolib facilement ?<\/a><\/li>\n\t\t<li class=\"wsp-post\"><a href=\"https:\/\/ns-osteo.fr\/blog\/devenir-osteopathe-apres-avoir-ete-kine-quelles-passerelles\/\">Devenir ost\u00e9opathe apr\u00e8s avoir \u00e9t\u00e9 kin\u00e9 : quelles passerelles ?<\/a><\/li>\n\t\t<li class=\"wsp-post\"><a href=\"https:\/\/ns-osteo.fr\/blog\/prix-dune-ecole-dosteopathie-quel-budget-prevoir-pour-ses-etudes\/\">Prix d&rsquo;une \u00e9cole d&rsquo;ost\u00e9opathie : quel budget pr\u00e9voir pour ses \u00e9tudes ?<\/a><\/li>\n\t\t<li class=\"wsp-post\"><a href=\"https:\/\/ns-osteo.fr\/blog\/quel-bac-choisir-pour-integrer-une-ecole-dosteopathie\/\">Quel bac choisir pour int\u00e9grer une \u00e9cole d&rsquo;ost\u00e9opathie ?<\/a><\/li>\n\t\t<li class=\"wsp-post\"><a href=\"https:\/\/ns-osteo.fr\/blog\/combien-dannees-detudes-faut-il-pour-etre-osteopathe-agree\/\">Combien d&rsquo;ann\u00e9es d&rsquo;\u00e9tudes faut-il pour \u00eatre ost\u00e9opathe agr\u00e9\u00e9 ?<\/a><\/li>\n\t\t<li class=\"wsp-post\"><a href=\"https:\/\/ns-osteo.fr\/blog\/comment-devenir-osteopathe-le-guide-des-etudes-et-formations\/\">Comment devenir ost\u00e9opathe : le guide des \u00e9tudes et formations<\/a><\/li>\n\t\t<li class=\"wsp-post\"><a href=\"https:\/\/ns-osteo.fr\/blog\/combien-de-temps-attendre-apres-laccouchement-pour-voir-un-osteo\/\">Combien de temps attendre apr\u00e8s l&rsquo;accouchement pour voir un ost\u00e9o ?<\/a><\/li>\n\t\t<li class=\"wsp-post\"><a href=\"https:\/\/ns-osteo.fr\/blog\/coliques-du-nourrisson-losteopathie-est-elle-vraiment-efficace\/\">Coliques du nourrisson : l&rsquo;ost\u00e9opathie est-elle vraiment efficace ?<\/a><\/li>\n\t\t<li class=\"wsp-post\"><a href=\"https:\/\/ns-osteo.fr\/blog\/osteopathie-et-grossesse-soulager-le-mal-de-dos-enceinte\/\">Ost\u00e9opathie et grossesse : soulager le mal de dos enceinte<\/a><\/li>\n\t\t<li class=\"wsp-post\"><a href=\"https:\/\/ns-osteo.fr\/blog\/pourquoi-emmener-un-nouveau-ne-chez-losteopathe-des-la-naissance\/\">Pourquoi emmener un nouveau-n\u00e9 chez l&rsquo;ost\u00e9opathe d\u00e8s la naissance ?<\/a><\/li>\n\t\t<li class=\"wsp-post\"><a href=\"https:\/\/ns-osteo.fr\/blog\/douleur-qui-persiste-apres-3-jours-faut-il-rappeler-son-osteo\/\">Douleur qui persiste apr\u00e8s 3 jours : faut-il rappeler son ost\u00e9o ?<\/a><\/li>\n\t\t<li class=\"wsp-post\"><a href=\"https:\/\/ns-osteo.fr\/blog\/peut-on-faire-du-sport-juste-apres-etre-alle-chez-losteopathe\/\">Peut-on faire du sport juste apr\u00e8s \u00eatre all\u00e9 chez l&rsquo;ost\u00e9opathe ?<\/a><\/li>\n\t\t<li class=\"wsp-post\"><a href=\"https:\/\/ns-osteo.fr\/blog\/au-bout-de-combien-de-temps-ressent-on-les-bienfaits-de-losteopathie\/\">Au bout de combien de temps ressent-on les bienfaits de l&rsquo;ost\u00e9opathie ?<\/a><\/li>\n\t\t<li class=\"wsp-post\"><a href=\"https:\/\/ns-osteo.fr\/blog\/fatigue-intense-apres-losteopathe-est-ce-normal\/\">Fatigue intense apr\u00e8s l&rsquo;ost\u00e9opathe : est-ce normal ?<\/a><\/li>\n\t\t<li class=\"wsp-post\"><a href=\"https:\/\/ns-osteo.fr\/blog\/que-faire-apres-une-seance-dosteopathie-pour-maximiser-les-effets\/\">Que faire apr\u00e8s une s\u00e9ance d&rsquo;ost\u00e9opathie pour maximiser les effets ?<\/a><\/li>\n\t\t<li class=\"wsp-post\"><a href=\"https:\/\/ns-osteo.fr\/blog\/combien-de-temps-durent-les-courbatures-apres-losteopathe\/\">Combien de temps durent les courbatures apr\u00e8s l&rsquo;ost\u00e9opathe ?<\/a><\/li>\n\t\t<li class=\"wsp-post\"><a href=\"https:\/\/ns-osteo.fr\/blog\/pourquoi-a-t-on-plus-mal-apres-une-seance-dosteopathie\/\">Pourquoi a-t-on plus mal apr\u00e8s une s\u00e9ance d&rsquo;ost\u00e9opathie ?<\/a><\/li>\n\t\t<li class=\"wsp-post\"><a href=\"https:\/\/ns-osteo.fr\/blog\/osteopathe-pour-sportif-pourquoi-consulter-en-prevention\/\">Ost\u00e9opathe pour sportif : pourquoi consulter en pr\u00e9vention ?<\/a><\/li>\n\t\t<li class=\"wsp-post\"><a href=\"https:\/\/ns-osteo.fr\/blog\/comment-losteopathie-aide-a-traiter-une-hernie-discale\/\">Comment l&rsquo;ost\u00e9opathie aide \u00e0 traiter une hernie discale ?<\/a><\/li>\n\t\t<li class=\"wsp-post\"><a href=\"https:\/\/ns-osteo.fr\/blog\/douleurs-intercostales-losteopathie-est-elle-la-solution\/\">Douleurs intercostales : l&rsquo;ost\u00e9opathie est-elle la solution ?<\/a><\/li>\n\t\t<li class=\"wsp-post\"><a href=\"https:\/\/ns-osteo.fr\/blog\/faut-il-marcher-ou-se-reposer-en-cas-de-crise-de-sciatique\/\">Faut-il marcher ou se reposer en cas de crise de sciatique ?<\/a><\/li>\n\t\t<li class=\"wsp-post\"><a href=\"https:\/\/ns-osteo.fr\/blog\/vertiges-et-cervicales-le-role-de-losteopathe-dans-le-traitement\/\">Vertiges et cervicales : le r\u00f4le de l&rsquo;ost\u00e9opathe dans le traitement<\/a><\/li>\n\t\t<li class=\"wsp-post\"><a href=\"https:\/\/ns-osteo.fr\/blog\/losteopathie-pour-soulager-les-troubles-digestifs-et-ballonnements\/\">L&rsquo;ost\u00e9opathie pour soulager les troubles digestifs et ballonnements<\/a><\/li>\n\t\t<li class=\"wsp-post\"><a href=\"https:\/\/ns-osteo.fr\/blog\/peut-on-soigner-des-migraines-chroniques-grace-a-losteopathie\/\">Peut-on soigner des migraines chroniques gr\u00e2ce \u00e0 l&rsquo;ost\u00e9opathie ?<\/a><\/li>\n\t\t<li class=\"wsp-post\"><a href=\"https:\/\/ns-osteo.fr\/blog\/osteopathie-et-mal-de-dos-quand-faut-il-consulter\/\">Ost\u00e9opathie et mal de dos : quand faut-il consulter ?<\/a><\/li>\n\t\t<li class=\"wsp-post\"><a href=\"https:\/\/ns-osteo.fr\/blog\/sciatique-comment-losteopathie-peut-vous-soulager-rapidement\/\">Sciatique : comment l&rsquo;ost\u00e9opathie peut vous soulager rapidement<\/a><\/li>\n\t\t<li class=\"wsp-post\"><a href=\"https:\/\/ns-osteo.fr\/blog\/combien-de-temps-dure-en-moyenne-une-consultation-dosteopathie\/\">Combien de temps dure en moyenne une consultation d&rsquo;ost\u00e9opathie ?<\/a><\/li>\n\t\t<li class=\"wsp-post\"><a href=\"https:\/\/ns-osteo.fr\/blog\/peut-on-aller-chez-losteopathe-sans-ordonnance-medicale\/\">Peut-on aller chez l&rsquo;ost\u00e9opathe sans ordonnance m\u00e9dicale ?<\/a><\/li>\n\t\t<li class=\"wsp-post\"><a href=\"https:\/\/ns-osteo.fr\/blog\/pourquoi-losteopathe-fait-il-craquer-les-articulations\/\">Pourquoi l&rsquo;ost\u00e9opathe fait-il craquer les articulations ?<\/a><\/li>\n\t\t<li class=\"wsp-post\"><a href=\"https:\/\/ns-osteo.fr\/blog\/doit-on-obligatoirement-se-deshabiller-chez-losteopathe\/\">Doit-on obligatoirement se d\u00e9shabiller chez l&rsquo;ost\u00e9opathe ?<\/a><\/li>\n\t\t<li class=\"wsp-post\"><a href=\"https:\/\/ns-osteo.fr\/blog\/comment-se-deroule-une-premiere-seance-chez-losteopathe\/\">Comment se d\u00e9roule une premi\u00e8re s\u00e9ance chez l&rsquo;ost\u00e9opathe ?<\/a><\/li>\n\t\t<li class=\"wsp-post\"><a href=\"https:\/\/ns-osteo.fr\/blog\/peut-on-consulter-un-osteopathe-gratuitement-cmp-hopital\/\">Peut-on consulter un ost\u00e9opathe gratuitement (CMP, h\u00f4pital) ?<\/a><\/li>\n\t\t<li class=\"wsp-post\"><a href=\"https:\/\/ns-osteo.fr\/blog\/top-10-des-mutuelles-qui-remboursent-le-mieux-losteopathie\/\">Top 10 des mutuelles qui remboursent le mieux l&rsquo;ost\u00e9opathie<\/a><\/li>\n\t\t<li class=\"wsp-post\"><a href=\"https:\/\/ns-osteo.fr\/blog\/pourquoi-losteopathie-nest-elle-pas-remboursee-par-la-securite-sociale\/\">Pourquoi l&rsquo;ost\u00e9opathie n&rsquo;est-elle pas rembours\u00e9e par la S\u00e9curit\u00e9 Sociale ?<\/a><\/li>\n\t\t<li class=\"wsp-post\"><a href=\"https:\/\/ns-osteo.fr\/blog\/remboursement-osteopathie-comment-se-faire-prendre-en-charge\/\">Remboursement ost\u00e9opathie : comment se faire prendre en charge ?<\/a><\/li>\n\t\t<li class=\"wsp-post\"><a href=\"https:\/\/ns-osteo.fr\/blog\/quel-est-le-prix-moyen-dune-seance-dosteopathie-en-2024\/\">Quel est le prix moyen d&rsquo;une s\u00e9ance d&rsquo;ost\u00e9opathie en 2024 ?<\/a><\/li>\n\t\t<li class=\"wsp-post\"><a href=\"https:\/\/ns-osteo.fr\/blog\/losteopathie-est-elle-efficace-contre-le-stress-et-lanxiete\/\">L\u2019ost\u00e9opathie est-elle efficace contre le stress et l\u2019anxi\u00e9t\u00e9 ?<\/a><\/li>\n\t\t<li class=\"wsp-post\"><a href=\"https:\/\/ns-osteo.fr\/blog\/quest-ce-que-losteopathie-cranienne-et-quels-sont-ses-bienfaits\/\">Qu&rsquo;est-ce que l&rsquo;ost\u00e9opathie cr\u00e2nienne et quels sont ses bienfaits ?<\/a><\/li>\n\t\t<li class=\"wsp-post\"><a href=\"https:\/\/ns-osteo.fr\/blog\/losteopathie-viscerale-comment-ca-marche-et-pourquoi-consulter\/\">L&rsquo;ost\u00e9opathie visc\u00e9rale : comment \u00e7a marche et pourquoi consulter ?<\/a><\/li>\n\t\t<li class=\"wsp-post\"><a href=\"https:\/\/ns-osteo.fr\/blog\/peut-on-aller-chez-losteopathe-sans-avoir-de-douleur\/\">Peut-on aller chez l&rsquo;ost\u00e9opathe sans avoir de douleur ?<\/a><\/li>\n\t\t<li class=\"wsp-post\"><a href=\"https:\/\/ns-osteo.fr\/blog\/etiopathe-definition-role-et-differences-avec-losteopathie\/\">\u00c9tiopathe : d\u00e9finition, r\u00f4le et diff\u00e9rences avec l\u2019ost\u00e9opathie<\/a><\/li>\n\t\t<li class=\"wsp-post\"><a href=\"https:\/\/ns-osteo.fr\/blog\/losteopathie-est-elle-une-medecine-reconnue-en-france\/\">L\u2019ost\u00e9opathie est-elle une m\u00e9decine reconnue en France ?<\/a><\/li>\n\t\t<li class=\"wsp-post\"><a href=\"https:\/\/ns-osteo.fr\/blog\/chiropracteur-ou-osteopathe-quelles-sont-les-differences-reelles\/\">Chiropracteur ou Ost\u00e9opathe : quelles sont les diff\u00e9rences r\u00e9elles ?<\/a><\/li>\n\t\t<li class=\"wsp-post\"><a href=\"https:\/\/ns-osteo.fr\/blog\/difference-entre-osteopathie-et-etiopathie-le-guide-complet\/\">Diff\u00e9rence entre ost\u00e9opathie et \u00e9tiopathie : le guide complet<\/a><\/li>\n\t\t<li class=\"wsp-post\"><a href=\"https:\/\/ns-osteo.fr\/blog\/osteopathe-ou-kinesitherapeute-lequel-choisir-pour-vos-douleurs\/\">Ost\u00e9opathe ou Kin\u00e9sith\u00e9rapeute : lequel choisir pour vos douleurs ?<\/a><\/li>\n\t\t<li class=\"wsp-post\"><a href=\"https:\/\/ns-osteo.fr\/blog\/quel-est-le-salaire-moyen-dun-osteopathe-liberal-en-france\/\">Quel est le salaire moyen d&rsquo;un ost\u00e9opathe lib\u00e9ral en France ?<\/a><\/li>\n\t\t<li class=\"wsp-post\"><a href=\"https:\/\/ns-osteo.fr\/blog\/plagiocephalie-tete-plate-comment-losteopathe-peut-aider-bebe\/\">Plagioc\u00e9phalie (t\u00eate plate) : comment l&rsquo;ost\u00e9opathe peut aider b\u00e9b\u00e9<\/a><\/li>\n\t\t<li class=\"wsp-post\"><a href=\"https:\/\/ns-osteo.fr\/blog\/quest-ce-quun-osteopathe-et-que-soigne-t-il-exactement\/\">Qu\u2019est-ce qu\u2019un ost\u00e9opathe et que soigne-t-il exactement ?<\/a><\/li>\n<\/ul><\/li>\n\t<li><strong class=\"wsp-category-title\">Cat\u00e9gorie\u00a0: <a href=\"https:\/\/ns-osteo.fr\/blog\/symptomes\/\">Sympt\u00f4mes<\/a><\/strong>\n<ul class=\"wsp-posts-list\">\t\t<li class=\"wsp-post\"><a href=\"https:\/\/ns-osteo.fr\/blog\/scoliose-et-osteopathie-quels-bienfaits-pour-votre-dos\/\">Scoliose et Ost\u00e9opathie : quels Bienfaits pour votre dos ?<\/a><\/li>\n<\/ul><\/li>\n<\/ul>\n<\/div>\n","protected":false},"excerpt":{"rendered":"","protected":false},"author":2,"featured_media":0,"parent":0,"menu_order":0,"comment_status":"closed","ping_status":"closed","template":"","meta":{"_kadence_starter_templates_imported_post":false,"_kad_post_transparent":"","_kad_post_title":"","_kad_post_layout":"","_kad_post_sidebar_id":"","_kad_post_content_style":"","_kad_post_vertical_padding":"","_kad_post_feature":"","_kad_post_feature_position":"","_kad_post_header":false,"_kad_post_footer":false,"_kad_post_classname":"","footnotes":""},"class_list":["post-3885","page","type-page","status-publish","hentry"],"yoast_head":"<!-- This site is optimized with the Yoast SEO plugin v27.5 - https:\/\/yoast.com\/product\/yoast-seo-wordpress\/ -->\n<title>\u25b7 Plan du site<\/title>\n<meta name=\"robots\" content=\"index, follow, max-snippet:-1, max-image-preview:large, max-video-preview:-1\" \/>\n<link rel=\"canonical\" href=\"https:\/\/ns-osteo.fr\/blog\/plan-site\/\" \/>\n<meta property=\"og:locale\" content=\"fr_FR\" \/>\n<meta property=\"og:type\" content=\"article\" \/>\n<meta property=\"og:title\" content=\"\u25b7 Plan du site\" \/>\n<meta property=\"og:url\" content=\"https:\/\/ns-osteo.fr\/blog\/plan-site\/\" \/>\n<meta property=\"og:site_name\" content=\"NS OSTEO\" \/>\n<meta property=\"article:modified_time\" content=\"2025-06-05T10:48:02+00:00\" \/>\n<meta name=\"twitter:card\" content=\"summary_large_image\" \/>\n<meta name=\"twitter:label1\" content=\"Dur\u00e9e de lecture estim\u00e9e\" \/>\n\t<meta name=\"twitter:data1\" content=\"1 minute\" \/>\n<script type=\"application\/ld+json\" class=\"yoast-schema-graph\">{\"@context\":\"https:\\\/\\\/schema.org\",\"@graph\":[{\"@type\":\"WebPage\",\"@id\":\"https:\\\/\\\/ns-osteo.fr\\\/blog\\\/plan-site\\\/\",\"url\":\"https:\\\/\\\/ns-osteo.fr\\\/blog\\\/plan-site\\\/\",\"name\":\"\u25b7 Plan du site\",\"isPartOf\":{\"@id\":\"https:\\\/\\\/ns-osteo.fr\\\/blog\\\/#website\"},\"datePublished\":\"2025-03-15T20:41:57+00:00\",\"dateModified\":\"2025-06-05T10:48:02+00:00\",\"breadcrumb\":{\"@id\":\"https:\\\/\\\/ns-osteo.fr\\\/blog\\\/plan-site\\\/#breadcrumb\"},\"inLanguage\":\"fr-FR\",\"potentialAction\":[{\"@type\":\"ReadAction\",\"target\":[\"https:\\\/\\\/ns-osteo.fr\\\/blog\\\/plan-site\\\/\"]}]},{\"@type\":\"BreadcrumbList\",\"@id\":\"https:\\\/\\\/ns-osteo.fr\\\/blog\\\/plan-site\\\/#breadcrumb\",\"itemListElement\":[{\"@type\":\"ListItem\",\"position\":1,\"name\":\"Accueil\",\"item\":\"https:\\\/\\\/ns-osteo.fr\\\/blog\\\/\"},{\"@type\":\"ListItem\",\"position\":2,\"name\":\"Plan du site\"}]},{\"@type\":\"WebSite\",\"@id\":\"https:\\\/\\\/ns-osteo.fr\\\/blog\\\/#website\",\"url\":\"https:\\\/\\\/ns-osteo.fr\\\/blog\\\/\",\"name\":\"NS OSTEO\",\"description\":\"Trouvez un ost\u00e9opathe pr\u00e8s de chez vous\",\"publisher\":{\"@id\":\"https:\\\/\\\/ns-osteo.fr\\\/blog\\\/#organization\"},\"potentialAction\":[{\"@type\":\"SearchAction\",\"target\":{\"@type\":\"EntryPoint\",\"urlTemplate\":\"https:\\\/\\\/ns-osteo.fr\\\/blog\\\/?s={search_term_string}\"},\"query-input\":{\"@type\":\"PropertyValueSpecification\",\"valueRequired\":true,\"valueName\":\"search_term_string\"}}],\"inLanguage\":\"fr-FR\"},{\"@type\":\"Organization\",\"@id\":\"https:\\\/\\\/ns-osteo.fr\\\/blog\\\/#organization\",\"name\":\"NS OSTEO\",\"url\":\"https:\\\/\\\/ns-osteo.fr\\\/blog\\\/\",\"logo\":{\"@type\":\"ImageObject\",\"inLanguage\":\"fr-FR\",\"@id\":\"https:\\\/\\\/ns-osteo.fr\\\/blog\\\/#\\\/schema\\\/logo\\\/image\\\/\",\"url\":\"https:\\\/\\\/ns-osteo.fr\\\/blog\\\/wp-content\\\/uploads\\\/2026\\\/02\\\/cropped-ns-osteo.png\",\"contentUrl\":\"https:\\\/\\\/ns-osteo.fr\\\/blog\\\/wp-content\\\/uploads\\\/2026\\\/02\\\/cropped-ns-osteo.png\",\"width\":511,\"height\":512,\"caption\":\"NS OSTEO\"},\"image\":{\"@id\":\"https:\\\/\\\/ns-osteo.fr\\\/blog\\\/#\\\/schema\\\/logo\\\/image\\\/\"}}]}<\/script>\n<!-- \/ Yoast SEO plugin. -->","yoast_head_json":{"title":"\u25b7 Plan du site","robots":{"index":"index","follow":"follow","max-snippet":"max-snippet:-1","max-image-preview":"max-image-preview:large","max-video-preview":"max-video-preview:-1"},"canonical":"https:\/\/ns-osteo.fr\/blog\/plan-site\/","og_locale":"fr_FR","og_type":"article","og_title":"\u25b7 Plan du site","og_url":"https:\/\/ns-osteo.fr\/blog\/plan-site\/","og_site_name":"NS OSTEO","article_modified_time":"2025-06-05T10:48:02+00:00","twitter_card":"summary_large_image","twitter_misc":{"Dur\u00e9e de lecture estim\u00e9e":"1 minute"},"schema":{"@context":"https:\/\/schema.org","@graph":[{"@type":"WebPage","@id":"https:\/\/ns-osteo.fr\/blog\/plan-site\/","url":"https:\/\/ns-osteo.fr\/blog\/plan-site\/","name":"\u25b7 Plan du site","isPartOf":{"@id":"https:\/\/ns-osteo.fr\/blog\/#website"},"datePublished":"2025-03-15T20:41:57+00:00","dateModified":"2025-06-05T10:48:02+00:00","breadcrumb":{"@id":"https:\/\/ns-osteo.fr\/blog\/plan-site\/#breadcrumb"},"inLanguage":"fr-FR","potentialAction":[{"@type":"ReadAction","target":["https:\/\/ns-osteo.fr\/blog\/plan-site\/"]}]},{"@type":"BreadcrumbList","@id":"https:\/\/ns-osteo.fr\/blog\/plan-site\/#breadcrumb","itemListElement":[{"@type":"ListItem","position":1,"name":"Accueil","item":"https:\/\/ns-osteo.fr\/blog\/"},{"@type":"ListItem","position":2,"name":"Plan du site"}]},{"@type":"WebSite","@id":"https:\/\/ns-osteo.fr\/blog\/#website","url":"https:\/\/ns-osteo.fr\/blog\/","name":"NS OSTEO","description":"Trouvez un ost\u00e9opathe pr\u00e8s de chez vous","publisher":{"@id":"https:\/\/ns-osteo.fr\/blog\/#organization"},"potentialAction":[{"@type":"SearchAction","target":{"@type":"EntryPoint","urlTemplate":"https:\/\/ns-osteo.fr\/blog\/?s={search_term_string}"},"query-input":{"@type":"PropertyValueSpecification","valueRequired":true,"valueName":"search_term_string"}}],"inLanguage":"fr-FR"},{"@type":"Organization","@id":"https:\/\/ns-osteo.fr\/blog\/#organization","name":"NS OSTEO","url":"https:\/\/ns-osteo.fr\/blog\/","logo":{"@type":"ImageObject","inLanguage":"fr-FR","@id":"https:\/\/ns-osteo.fr\/blog\/#\/schema\/logo\/image\/","url":"https:\/\/ns-osteo.fr\/blog\/wp-content\/uploads\/2026\/02\/cropped-ns-osteo.png","contentUrl":"https:\/\/ns-osteo.fr\/blog\/wp-content\/uploads\/2026\/02\/cropped-ns-osteo.png","width":511,"height":512,"caption":"NS OSTEO"},"image":{"@id":"https:\/\/ns-osteo.fr\/blog\/#\/schema\/logo\/image\/"}}]}},"_links":{"self":[{"href":"https:\/\/ns-osteo.fr\/blog\/wp-json\/wp\/v2\/pages\/3885","targetHints":{"allow":["GET"]}}],"collection":[{"href":"https:\/\/ns-osteo.fr\/blog\/wp-json\/wp\/v2\/pages"}],"about":[{"href":"https:\/\/ns-osteo.fr\/blog\/wp-json\/wp\/v2\/types\/page"}],"author":[{"embeddable":true,"href":"https:\/\/ns-osteo.fr\/blog\/wp-json\/wp\/v2\/users\/2"}],"replies":[{"embeddable":true,"href":"https:\/\/ns-osteo.fr\/blog\/wp-json\/wp\/v2\/comments?post=3885"}],"version-history":[{"count":1,"href":"https:\/\/ns-osteo.fr\/blog\/wp-json\/wp\/v2\/pages\/3885\/revisions"}],"predecessor-version":[{"id":3886,"href":"https:\/\/ns-osteo.fr\/blog\/wp-json\/wp\/v2\/pages\/3885\/revisions\/3886"}],"wp:attachment":[{"href":"https:\/\/ns-osteo.fr\/blog\/wp-json\/wp\/v2\/media?parent=3885"}],"curies":[{"name":"wp","href":"https:\/\/api.w.org\/{rel}","templated":true}]}}